{"id":202,"date":"2024-11-04T20:08:03","date_gmt":"2024-11-04T19:08:03","guid":{"rendered":"http:\/\/quick.local\/etimex.de\/?page_id=202"},"modified":"2026-04-14T16:35:35","modified_gmt":"2026-04-14T14:35:35","slug":"development-innovation","status":"publish","type":"page","link":"https:\/\/etimex.de\/en\/entwicklung-innovation\/","title":{"rendered":"Development &amp; Innovation"},"content":{"rendered":"","protected":false},"excerpt":{"rendered":"","protected":false},"author":1,"featured_media":0,"parent":0,"menu_order":0,"comment_status":"closed","ping_status":"closed","template":"","meta":{"_acf_changed":false,"footnotes":""},"class_list":["post-202","page","type-page","status-publish","hentry"],"acf":[],"yoast_head":"<!-- This site is optimized with the Yoast SEO plugin v26.8 - https:\/\/yoast.com\/product\/yoast-seo-wordpress\/ -->\n<title>Entwicklung von zukunftsweisenden Verpackungsl\u00f6sungen - ETIMEX Primary Packaging GmbH<\/title>\n<meta name=\"description\" content=\"ETIMEX entwickelt innovative Verpackungsl\u00f6sungen f\u00fcr individuelle Anforderungen. Mit technischer Expertise und Fokus auf Zukunftsf\u00e4higkeit.\" \/>\n<meta name=\"robots\" content=\"index, follow, max-snippet:-1, max-image-preview:large, max-video-preview:-1\" \/>\n<link rel=\"canonical\" href=\"https:\/\/etimex.de\/en\/development-innovation\/\" \/>\n<meta property=\"og:locale\" content=\"en_GB\" \/>\n<meta property=\"og:type\" content=\"article\" \/>\n<meta property=\"og:title\" content=\"Entwicklung von zukunftsweisenden Verpackungsl\u00f6sungen - ETIMEX Primary Packaging GmbH\" \/>\n<meta property=\"og:description\" content=\"ETIMEX entwickelt innovative Verpackungsl\u00f6sungen f\u00fcr individuelle Anforderungen. Mit technischer Expertise und Fokus auf Zukunftsf\u00e4higkeit.\" \/>\n<meta property=\"og:url\" content=\"https:\/\/etimex.de\/en\/development-innovation\/\" \/>\n<meta property=\"og:site_name\" content=\"ETIMEX Primary Packaging GmbH\" \/>\n<meta property=\"article:modified_time\" content=\"2026-04-14T14:35:35+00:00\" \/>\n<meta name=\"twitter:card\" content=\"summary_large_image\" \/>\n<script type=\"application\/ld+json\" class=\"yoast-schema-graph\">{\"@context\":\"https:\/\/schema.org\",\"@graph\":[{\"@type\":\"WebPage\",\"@id\":\"https:\/\/etimex.de\/entwicklung-innovation\/\",\"url\":\"https:\/\/etimex.de\/entwicklung-innovation\/\",\"name\":\"Entwicklung von zukunftsweisenden Verpackungsl\u00f6sungen - ETIMEX Primary Packaging GmbH\",\"isPartOf\":{\"@id\":\"https:\/\/etimex.de\/#website\"},\"datePublished\":\"2024-11-04T19:08:03+00:00\",\"dateModified\":\"2026-04-14T14:35:35+00:00\",\"description\":\"ETIMEX entwickelt innovative Verpackungsl\u00f6sungen f\u00fcr individuelle Anforderungen. Mit technischer Expertise und Fokus auf Zukunftsf\u00e4higkeit.\",\"breadcrumb\":{\"@id\":\"https:\/\/etimex.de\/entwicklung-innovation\/#breadcrumb\"},\"inLanguage\":\"en-GB\",\"potentialAction\":[{\"@type\":\"ReadAction\",\"target\":[\"https:\/\/etimex.de\/entwicklung-innovation\/\"]}]},{\"@type\":\"BreadcrumbList\",\"@id\":\"https:\/\/etimex.de\/entwicklung-innovation\/#breadcrumb\",\"itemListElement\":[{\"@type\":\"ListItem\",\"position\":1,\"name\":\"Startseite\",\"item\":\"https:\/\/etimex.de\/\"},{\"@type\":\"ListItem\",\"position\":2,\"name\":\"Entwicklung &#038; Innovation\"}]},{\"@type\":\"WebSite\",\"@id\":\"https:\/\/etimex.de\/#website\",\"url\":\"https:\/\/etimex.de\/\",\"name\":\"ETIMEX Primary Packaging GmbH\",\"description\":\"\",\"publisher\":{\"@id\":\"https:\/\/etimex.de\/#organization\"},\"potentialAction\":[{\"@type\":\"SearchAction\",\"target\":{\"@type\":\"EntryPoint\",\"urlTemplate\":\"https:\/\/etimex.de\/?s={search_term_string}\"},\"query-input\":{\"@type\":\"PropertyValueSpecification\",\"valueRequired\":true,\"valueName\":\"search_term_string\"}}],\"inLanguage\":\"en-GB\"},{\"@type\":\"Organization\",\"@id\":\"https:\/\/etimex.de\/#organization\",\"name\":\"ETIMEX Primary Packaging GmbH\",\"url\":\"https:\/\/etimex.de\/\",\"logo\":{\"@type\":\"ImageObject\",\"inLanguage\":\"en-GB\",\"@id\":\"https:\/\/etimex.de\/#\/schema\/logo\/image\/\",\"url\":\"https:\/\/etimex.de\/wp-content\/uploads\/2024\/10\/etimex.png\",\"contentUrl\":\"https:\/\/etimex.de\/wp-content\/uploads\/2024\/10\/etimex.png\",\"width\":1104,\"height\":313,\"caption\":\"ETIMEX Primary Packaging GmbH\"},\"image\":{\"@id\":\"https:\/\/etimex.de\/#\/schema\/logo\/image\/\"}}]}<\/script>\n<!-- \/ Yoast SEO plugin. -->","yoast_head_json":{"title":"Development of pioneering packaging solutions - ETIMEX Primary Packaging GmbH","description":"ETIMEX develops innovative packaging solutions for individual requirements. With technical expertise and a focus on sustainability.","robots":{"index":"index","follow":"follow","max-snippet":"max-snippet:-1","max-image-preview":"max-image-preview:large","max-video-preview":"max-video-preview:-1"},"canonical":"https:\/\/etimex.de\/en\/development-innovation\/","og_locale":"en_GB","og_type":"article","og_title":"Entwicklung von zukunftsweisenden Verpackungsl\u00f6sungen - ETIMEX Primary Packaging GmbH","og_description":"ETIMEX entwickelt innovative Verpackungsl\u00f6sungen f\u00fcr individuelle Anforderungen. Mit technischer Expertise und Fokus auf Zukunftsf\u00e4higkeit.","og_url":"https:\/\/etimex.de\/en\/development-innovation\/","og_site_name":"ETIMEX Primary Packaging GmbH","article_modified_time":"2026-04-14T14:35:35+00:00","twitter_card":"summary_large_image","schema":{"@context":"https:\/\/schema.org","@graph":[{"@type":"WebPage","@id":"https:\/\/etimex.de\/entwicklung-innovation\/","url":"https:\/\/etimex.de\/entwicklung-innovation\/","name":"Development of pioneering packaging solutions - ETIMEX Primary Packaging GmbH","isPartOf":{"@id":"https:\/\/etimex.de\/#website"},"datePublished":"2024-11-04T19:08:03+00:00","dateModified":"2026-04-14T14:35:35+00:00","description":"ETIMEX develops innovative packaging solutions for individual requirements. With technical expertise and a focus on sustainability.","breadcrumb":{"@id":"https:\/\/etimex.de\/entwicklung-innovation\/#breadcrumb"},"inLanguage":"en-GB","potentialAction":[{"@type":"ReadAction","target":["https:\/\/etimex.de\/entwicklung-innovation\/"]}]},{"@type":"BreadcrumbList","@id":"https:\/\/etimex.de\/entwicklung-innovation\/#breadcrumb","itemListElement":[{"@type":"ListItem","position":1,"name":"Startseite","item":"https:\/\/etimex.de\/"},{"@type":"ListItem","position":2,"name":"Entwicklung &#038; Innovation"}]},{"@type":"WebSite","@id":"https:\/\/etimex.de\/#website","url":"https:\/\/etimex.de\/","name":"ETIMEX Primary Packaging GmbH","description":"","publisher":{"@id":"https:\/\/etimex.de\/#organization"},"potentialAction":[{"@type":"SearchAction","target":{"@type":"EntryPoint","urlTemplate":"https:\/\/etimex.de\/?s={search_term_string}"},"query-input":{"@type":"PropertyValueSpecification","valueRequired":true,"valueName":"search_term_string"}}],"inLanguage":"en-GB"},{"@type":"Organization","@id":"https:\/\/etimex.de\/#organization","name":"ETIMEX Primary Packaging GmbH","url":"https:\/\/etimex.de\/","logo":{"@type":"ImageObject","inLanguage":"en-GB","@id":"https:\/\/etimex.de\/#\/schema\/logo\/image\/","url":"https:\/\/etimex.de\/wp-content\/uploads\/2024\/10\/etimex.png","contentUrl":"https:\/\/etimex.de\/wp-content\/uploads\/2024\/10\/etimex.png","width":1104,"height":313,"caption":"ETIMEX Primary Packaging GmbH"},"image":{"@id":"https:\/\/etimex.de\/#\/schema\/logo\/image\/"}}]}},"_links":{"self":[{"href":"https:\/\/etimex.de\/en\/wp-json\/wp\/v2\/pages\/202","targetHints":{"allow":["GET"]}}],"collection":[{"href":"https:\/\/etimex.de\/en\/wp-json\/wp\/v2\/pages"}],"about":[{"href":"https:\/\/etimex.de\/en\/wp-json\/wp\/v2\/types\/page"}],"author":[{"embeddable":true,"href":"https:\/\/etimex.de\/en\/wp-json\/wp\/v2\/users\/1"}],"replies":[{"embeddable":true,"href":"https:\/\/etimex.de\/en\/wp-json\/wp\/v2\/comments?post=202"}],"version-history":[{"count":41,"href":"https:\/\/etimex.de\/en\/wp-json\/wp\/v2\/pages\/202\/revisions"}],"predecessor-version":[{"id":2162,"href":"https:\/\/etimex.de\/en\/wp-json\/wp\/v2\/pages\/202\/revisions\/2162"}],"wp:attachment":[{"href":"https:\/\/etimex.de\/en\/wp-json\/wp\/v2\/media?parent=202"}],"curies":[{"name":"wp","href":"https:\/\/api.w.org\/{rel}","templated":true}]}}