{"id":288,"date":"2024-11-04T23:01:19","date_gmt":"2024-11-04T22:01:19","guid":{"rendered":"http:\/\/quick.local\/etimex.de\/?page_id=288"},"modified":"2026-04-14T16:00:55","modified_gmt":"2026-04-14T14:00:55","slug":"quality-hygiene-packaging-production","status":"publish","type":"page","link":"https:\/\/etimex.de\/en\/qualitaet-hygiene-verpackungsproduktion\/","title":{"rendered":"Quality &amp; hygiene"},"content":{"rendered":"","protected":false},"excerpt":{"rendered":"","protected":false},"author":1,"featured_media":0,"parent":0,"menu_order":0,"comment_status":"closed","ping_status":"open","template":"","meta":{"_acf_changed":false,"footnotes":""},"class_list":["post-288","page","type-page","status-publish","hentry"],"acf":[],"yoast_head":"<!-- This site is optimized with the Yoast SEO plugin v26.8 - https:\/\/yoast.com\/product\/yoast-seo-wordpress\/ -->\n<title>Qualit\u00e4t &amp; Hygiene bei ETIMEX - Verpackung mit hohen Standards<\/title>\n<meta name=\"description\" content=\"ETIMEX Primary Packaging GmbH setzt auf hohe Qualit\u00e4tsstandards in Entwicklung, Produktion und Verpackungsl\u00f6sungen. Qualit\u00e4t &amp; Hygiene\" \/>\n<meta name=\"robots\" content=\"index, follow, max-snippet:-1, max-image-preview:large, max-video-preview:-1\" \/>\n<link rel=\"canonical\" href=\"https:\/\/etimex.de\/en\/quality-hygiene-packaging-production\/\" \/>\n<meta property=\"og:locale\" content=\"en_GB\" \/>\n<meta property=\"og:type\" content=\"article\" \/>\n<meta property=\"og:title\" content=\"Qualit\u00e4t &amp; Hygiene bei ETIMEX - Verpackung mit hohen Standards\" \/>\n<meta property=\"og:description\" content=\"ETIMEX Primary Packaging GmbH setzt auf hohe Qualit\u00e4tsstandards in Entwicklung, Produktion und Verpackungsl\u00f6sungen. Qualit\u00e4t &amp; Hygiene\" \/>\n<meta property=\"og:url\" content=\"https:\/\/etimex.de\/en\/quality-hygiene-packaging-production\/\" \/>\n<meta property=\"og:site_name\" content=\"ETIMEX Primary Packaging GmbH\" \/>\n<meta property=\"article:modified_time\" content=\"2026-04-14T14:00:55+00:00\" \/>\n<meta name=\"twitter:card\" content=\"summary_large_image\" \/>\n<script type=\"application\/ld+json\" class=\"yoast-schema-graph\">{\"@context\":\"https:\/\/schema.org\",\"@graph\":[{\"@type\":\"WebPage\",\"@id\":\"https:\/\/etimex.de\/qualitaet-hygiene-verpackungsproduktion\/\",\"url\":\"https:\/\/etimex.de\/qualitaet-hygiene-verpackungsproduktion\/\",\"name\":\"Qualit\u00e4t & Hygiene bei ETIMEX - Verpackung mit hohen Standards\",\"isPartOf\":{\"@id\":\"https:\/\/etimex.de\/#website\"},\"datePublished\":\"2024-11-04T22:01:19+00:00\",\"dateModified\":\"2026-04-14T14:00:55+00:00\",\"description\":\"ETIMEX Primary Packaging GmbH setzt auf hohe Qualit\u00e4tsstandards in Entwicklung, Produktion und Verpackungsl\u00f6sungen. Qualit\u00e4t & Hygiene\",\"breadcrumb\":{\"@id\":\"https:\/\/etimex.de\/qualitaet-hygiene-verpackungsproduktion\/#breadcrumb\"},\"inLanguage\":\"en-GB\",\"potentialAction\":[{\"@type\":\"ReadAction\",\"target\":[\"https:\/\/etimex.de\/qualitaet-hygiene-verpackungsproduktion\/\"]}]},{\"@type\":\"BreadcrumbList\",\"@id\":\"https:\/\/etimex.de\/qualitaet-hygiene-verpackungsproduktion\/#breadcrumb\",\"itemListElement\":[{\"@type\":\"ListItem\",\"position\":1,\"name\":\"Startseite\",\"item\":\"https:\/\/etimex.de\/\"},{\"@type\":\"ListItem\",\"position\":2,\"name\":\"Qualit\u00e4t &#038; Hygiene\"}]},{\"@type\":\"WebSite\",\"@id\":\"https:\/\/etimex.de\/#website\",\"url\":\"https:\/\/etimex.de\/\",\"name\":\"ETIMEX Primary Packaging GmbH\",\"description\":\"\",\"publisher\":{\"@id\":\"https:\/\/etimex.de\/#organization\"},\"potentialAction\":[{\"@type\":\"SearchAction\",\"target\":{\"@type\":\"EntryPoint\",\"urlTemplate\":\"https:\/\/etimex.de\/?s={search_term_string}\"},\"query-input\":{\"@type\":\"PropertyValueSpecification\",\"valueRequired\":true,\"valueName\":\"search_term_string\"}}],\"inLanguage\":\"en-GB\"},{\"@type\":\"Organization\",\"@id\":\"https:\/\/etimex.de\/#organization\",\"name\":\"ETIMEX Primary Packaging GmbH\",\"url\":\"https:\/\/etimex.de\/\",\"logo\":{\"@type\":\"ImageObject\",\"inLanguage\":\"en-GB\",\"@id\":\"https:\/\/etimex.de\/#\/schema\/logo\/image\/\",\"url\":\"https:\/\/etimex.de\/wp-content\/uploads\/2024\/10\/etimex.png\",\"contentUrl\":\"https:\/\/etimex.de\/wp-content\/uploads\/2024\/10\/etimex.png\",\"width\":1104,\"height\":313,\"caption\":\"ETIMEX Primary Packaging GmbH\"},\"image\":{\"@id\":\"https:\/\/etimex.de\/#\/schema\/logo\/image\/\"}}]}<\/script>\n<!-- \/ Yoast SEO plugin. -->","yoast_head_json":{"title":"Quality &amp; hygiene at ETIMEX - packaging with high standards","description":"ETIMEX Primary Packaging GmbH is committed to high quality standards in development, production and packaging solutions. Quality &amp; Hygiene","robots":{"index":"index","follow":"follow","max-snippet":"max-snippet:-1","max-image-preview":"max-image-preview:large","max-video-preview":"max-video-preview:-1"},"canonical":"https:\/\/etimex.de\/en\/quality-hygiene-packaging-production\/","og_locale":"en_GB","og_type":"article","og_title":"Qualit\u00e4t & Hygiene bei ETIMEX - Verpackung mit hohen Standards","og_description":"ETIMEX Primary Packaging GmbH setzt auf hohe Qualit\u00e4tsstandards in Entwicklung, Produktion und Verpackungsl\u00f6sungen. Qualit\u00e4t & Hygiene","og_url":"https:\/\/etimex.de\/en\/quality-hygiene-packaging-production\/","og_site_name":"ETIMEX Primary Packaging GmbH","article_modified_time":"2026-04-14T14:00:55+00:00","twitter_card":"summary_large_image","schema":{"@context":"https:\/\/schema.org","@graph":[{"@type":"WebPage","@id":"https:\/\/etimex.de\/qualitaet-hygiene-verpackungsproduktion\/","url":"https:\/\/etimex.de\/qualitaet-hygiene-verpackungsproduktion\/","name":"Quality &amp; hygiene at ETIMEX - packaging with high standards","isPartOf":{"@id":"https:\/\/etimex.de\/#website"},"datePublished":"2024-11-04T22:01:19+00:00","dateModified":"2026-04-14T14:00:55+00:00","description":"ETIMEX Primary Packaging GmbH is committed to high quality standards in development, production and packaging solutions. Quality &amp; Hygiene","breadcrumb":{"@id":"https:\/\/etimex.de\/qualitaet-hygiene-verpackungsproduktion\/#breadcrumb"},"inLanguage":"en-GB","potentialAction":[{"@type":"ReadAction","target":["https:\/\/etimex.de\/qualitaet-hygiene-verpackungsproduktion\/"]}]},{"@type":"BreadcrumbList","@id":"https:\/\/etimex.de\/qualitaet-hygiene-verpackungsproduktion\/#breadcrumb","itemListElement":[{"@type":"ListItem","position":1,"name":"Startseite","item":"https:\/\/etimex.de\/"},{"@type":"ListItem","position":2,"name":"Qualit\u00e4t &#038; Hygiene"}]},{"@type":"WebSite","@id":"https:\/\/etimex.de\/#website","url":"https:\/\/etimex.de\/","name":"ETIMEX Primary Packaging GmbH","description":"","publisher":{"@id":"https:\/\/etimex.de\/#organization"},"potentialAction":[{"@type":"SearchAction","target":{"@type":"EntryPoint","urlTemplate":"https:\/\/etimex.de\/?s={search_term_string}"},"query-input":{"@type":"PropertyValueSpecification","valueRequired":true,"valueName":"search_term_string"}}],"inLanguage":"en-GB"},{"@type":"Organization","@id":"https:\/\/etimex.de\/#organization","name":"ETIMEX Primary Packaging GmbH","url":"https:\/\/etimex.de\/","logo":{"@type":"ImageObject","inLanguage":"en-GB","@id":"https:\/\/etimex.de\/#\/schema\/logo\/image\/","url":"https:\/\/etimex.de\/wp-content\/uploads\/2024\/10\/etimex.png","contentUrl":"https:\/\/etimex.de\/wp-content\/uploads\/2024\/10\/etimex.png","width":1104,"height":313,"caption":"ETIMEX Primary Packaging GmbH"},"image":{"@id":"https:\/\/etimex.de\/#\/schema\/logo\/image\/"}}]}},"_links":{"self":[{"href":"https:\/\/etimex.de\/en\/wp-json\/wp\/v2\/pages\/288","targetHints":{"allow":["GET"]}}],"collection":[{"href":"https:\/\/etimex.de\/en\/wp-json\/wp\/v2\/pages"}],"about":[{"href":"https:\/\/etimex.de\/en\/wp-json\/wp\/v2\/types\/page"}],"author":[{"embeddable":true,"href":"https:\/\/etimex.de\/en\/wp-json\/wp\/v2\/users\/1"}],"replies":[{"embeddable":true,"href":"https:\/\/etimex.de\/en\/wp-json\/wp\/v2\/comments?post=288"}],"version-history":[{"count":49,"href":"https:\/\/etimex.de\/en\/wp-json\/wp\/v2\/pages\/288\/revisions"}],"predecessor-version":[{"id":2163,"href":"https:\/\/etimex.de\/en\/wp-json\/wp\/v2\/pages\/288\/revisions\/2163"}],"wp:attachment":[{"href":"https:\/\/etimex.de\/en\/wp-json\/wp\/v2\/media?parent=288"}],"curies":[{"name":"wp","href":"https:\/\/api.w.org\/{rel}","templated":true}]}}