{"id":294,"date":"2024-11-04T23:26:47","date_gmt":"2024-11-04T22:26:47","guid":{"rendered":"http:\/\/quick.local\/etimex.de\/?page_id=294"},"modified":"2026-04-14T15:54:25","modified_gmt":"2026-04-14T13:54:25","slug":"packaging-solutions-with-experience","status":"publish","type":"page","link":"https:\/\/etimex.de\/en\/verpackungsloesungen-mit-erfahrung\/","title":{"rendered":"About us"},"content":{"rendered":"","protected":false},"excerpt":{"rendered":"","protected":false},"author":1,"featured_media":0,"parent":0,"menu_order":0,"comment_status":"closed","ping_status":"open","template":"","meta":{"_acf_changed":false,"footnotes":""},"class_list":["post-294","page","type-page","status-publish","hentry"],"acf":[],"yoast_head":"<!-- This site is optimized with the Yoast SEO plugin v26.8 - https:\/\/yoast.com\/product\/yoast-seo-wordpress\/ -->\n<title>Verpackungskompetenz seit 1950 - Lerne mehr - \u00dcber uns bei ETIMEX Primary Packaging GmbH<\/title>\n<meta name=\"description\" content=\"Lernen Sie ETIMEX kennen: Verpackungskompetenz und L\u00f6sungen f\u00fcr hochwertige und individuelle Kunststoffverpackungen. \u00dcber uns\" \/>\n<meta name=\"robots\" content=\"index, follow, max-snippet:-1, max-image-preview:large, max-video-preview:-1\" \/>\n<link rel=\"canonical\" href=\"https:\/\/etimex.de\/en\/packaging-solutions-with-experience\/\" \/>\n<meta property=\"og:locale\" content=\"en_GB\" \/>\n<meta property=\"og:type\" content=\"article\" \/>\n<meta property=\"og:title\" content=\"Verpackungskompetenz seit 1950 - Lerne mehr - \u00dcber uns bei ETIMEX Primary Packaging GmbH\" \/>\n<meta property=\"og:description\" content=\"Lernen Sie ETIMEX kennen: Verpackungskompetenz und L\u00f6sungen f\u00fcr hochwertige und individuelle Kunststoffverpackungen. \u00dcber uns\" \/>\n<meta property=\"og:url\" content=\"https:\/\/etimex.de\/en\/packaging-solutions-with-experience\/\" \/>\n<meta property=\"og:site_name\" content=\"ETIMEX Primary Packaging GmbH\" \/>\n<meta property=\"article:modified_time\" content=\"2026-04-14T13:54:25+00:00\" \/>\n<meta name=\"twitter:card\" content=\"summary_large_image\" \/>\n<script type=\"application\/ld+json\" class=\"yoast-schema-graph\">{\"@context\":\"https:\/\/schema.org\",\"@graph\":[{\"@type\":\"WebPage\",\"@id\":\"https:\/\/etimex.de\/verpackungsloesungen-mit-erfahrung\/\",\"url\":\"https:\/\/etimex.de\/verpackungsloesungen-mit-erfahrung\/\",\"name\":\"Verpackungskompetenz seit 1950 - Lerne mehr - \u00dcber uns bei ETIMEX Primary Packaging GmbH\",\"isPartOf\":{\"@id\":\"https:\/\/etimex.de\/#website\"},\"datePublished\":\"2024-11-04T22:26:47+00:00\",\"dateModified\":\"2026-04-14T13:54:25+00:00\",\"description\":\"Lernen Sie ETIMEX kennen: Verpackungskompetenz und L\u00f6sungen f\u00fcr hochwertige und individuelle Kunststoffverpackungen. \u00dcber uns\",\"breadcrumb\":{\"@id\":\"https:\/\/etimex.de\/verpackungsloesungen-mit-erfahrung\/#breadcrumb\"},\"inLanguage\":\"en-GB\",\"potentialAction\":[{\"@type\":\"ReadAction\",\"target\":[\"https:\/\/etimex.de\/verpackungsloesungen-mit-erfahrung\/\"]}]},{\"@type\":\"BreadcrumbList\",\"@id\":\"https:\/\/etimex.de\/verpackungsloesungen-mit-erfahrung\/#breadcrumb\",\"itemListElement\":[{\"@type\":\"ListItem\",\"position\":1,\"name\":\"Startseite\",\"item\":\"https:\/\/etimex.de\/\"},{\"@type\":\"ListItem\",\"position\":2,\"name\":\"\u00dcber uns\"}]},{\"@type\":\"WebSite\",\"@id\":\"https:\/\/etimex.de\/#website\",\"url\":\"https:\/\/etimex.de\/\",\"name\":\"ETIMEX Primary Packaging GmbH\",\"description\":\"\",\"publisher\":{\"@id\":\"https:\/\/etimex.de\/#organization\"},\"potentialAction\":[{\"@type\":\"SearchAction\",\"target\":{\"@type\":\"EntryPoint\",\"urlTemplate\":\"https:\/\/etimex.de\/?s={search_term_string}\"},\"query-input\":{\"@type\":\"PropertyValueSpecification\",\"valueRequired\":true,\"valueName\":\"search_term_string\"}}],\"inLanguage\":\"en-GB\"},{\"@type\":\"Organization\",\"@id\":\"https:\/\/etimex.de\/#organization\",\"name\":\"ETIMEX Primary Packaging GmbH\",\"url\":\"https:\/\/etimex.de\/\",\"logo\":{\"@type\":\"ImageObject\",\"inLanguage\":\"en-GB\",\"@id\":\"https:\/\/etimex.de\/#\/schema\/logo\/image\/\",\"url\":\"https:\/\/etimex.de\/wp-content\/uploads\/2024\/10\/etimex.png\",\"contentUrl\":\"https:\/\/etimex.de\/wp-content\/uploads\/2024\/10\/etimex.png\",\"width\":1104,\"height\":313,\"caption\":\"ETIMEX Primary Packaging GmbH\"},\"image\":{\"@id\":\"https:\/\/etimex.de\/#\/schema\/logo\/image\/\"}}]}<\/script>\n<!-- \/ Yoast SEO plugin. -->","yoast_head_json":{"title":"Packaging expertise since 1950 - Learn more - About us at ETIMEX Primary Packaging GmbH","description":"Get to know ETIMEX: Packaging expertise and solutions for high-quality and customised plastic packaging. About us","robots":{"index":"index","follow":"follow","max-snippet":"max-snippet:-1","max-image-preview":"max-image-preview:large","max-video-preview":"max-video-preview:-1"},"canonical":"https:\/\/etimex.de\/en\/packaging-solutions-with-experience\/","og_locale":"en_GB","og_type":"article","og_title":"Verpackungskompetenz seit 1950 - Lerne mehr - \u00dcber uns bei ETIMEX Primary Packaging GmbH","og_description":"Lernen Sie ETIMEX kennen: Verpackungskompetenz und L\u00f6sungen f\u00fcr hochwertige und individuelle Kunststoffverpackungen. \u00dcber uns","og_url":"https:\/\/etimex.de\/en\/packaging-solutions-with-experience\/","og_site_name":"ETIMEX Primary Packaging GmbH","article_modified_time":"2026-04-14T13:54:25+00:00","twitter_card":"summary_large_image","schema":{"@context":"https:\/\/schema.org","@graph":[{"@type":"WebPage","@id":"https:\/\/etimex.de\/verpackungsloesungen-mit-erfahrung\/","url":"https:\/\/etimex.de\/verpackungsloesungen-mit-erfahrung\/","name":"Packaging expertise since 1950 - Learn more - About us at ETIMEX Primary Packaging GmbH","isPartOf":{"@id":"https:\/\/etimex.de\/#website"},"datePublished":"2024-11-04T22:26:47+00:00","dateModified":"2026-04-14T13:54:25+00:00","description":"Get to know ETIMEX: Packaging expertise and solutions for high-quality and customised plastic packaging. About us","breadcrumb":{"@id":"https:\/\/etimex.de\/verpackungsloesungen-mit-erfahrung\/#breadcrumb"},"inLanguage":"en-GB","potentialAction":[{"@type":"ReadAction","target":["https:\/\/etimex.de\/verpackungsloesungen-mit-erfahrung\/"]}]},{"@type":"BreadcrumbList","@id":"https:\/\/etimex.de\/verpackungsloesungen-mit-erfahrung\/#breadcrumb","itemListElement":[{"@type":"ListItem","position":1,"name":"Startseite","item":"https:\/\/etimex.de\/"},{"@type":"ListItem","position":2,"name":"\u00dcber uns"}]},{"@type":"WebSite","@id":"https:\/\/etimex.de\/#website","url":"https:\/\/etimex.de\/","name":"ETIMEX Primary Packaging GmbH","description":"","publisher":{"@id":"https:\/\/etimex.de\/#organization"},"potentialAction":[{"@type":"SearchAction","target":{"@type":"EntryPoint","urlTemplate":"https:\/\/etimex.de\/?s={search_term_string}"},"query-input":{"@type":"PropertyValueSpecification","valueRequired":true,"valueName":"search_term_string"}}],"inLanguage":"en-GB"},{"@type":"Organization","@id":"https:\/\/etimex.de\/#organization","name":"ETIMEX Primary Packaging GmbH","url":"https:\/\/etimex.de\/","logo":{"@type":"ImageObject","inLanguage":"en-GB","@id":"https:\/\/etimex.de\/#\/schema\/logo\/image\/","url":"https:\/\/etimex.de\/wp-content\/uploads\/2024\/10\/etimex.png","contentUrl":"https:\/\/etimex.de\/wp-content\/uploads\/2024\/10\/etimex.png","width":1104,"height":313,"caption":"ETIMEX Primary Packaging GmbH"},"image":{"@id":"https:\/\/etimex.de\/#\/schema\/logo\/image\/"}}]}},"_links":{"self":[{"href":"https:\/\/etimex.de\/en\/wp-json\/wp\/v2\/pages\/294","targetHints":{"allow":["GET"]}}],"collection":[{"href":"https:\/\/etimex.de\/en\/wp-json\/wp\/v2\/pages"}],"about":[{"href":"https:\/\/etimex.de\/en\/wp-json\/wp\/v2\/types\/page"}],"author":[{"embeddable":true,"href":"https:\/\/etimex.de\/en\/wp-json\/wp\/v2\/users\/1"}],"replies":[{"embeddable":true,"href":"https:\/\/etimex.de\/en\/wp-json\/wp\/v2\/comments?post=294"}],"version-history":[{"count":54,"href":"https:\/\/etimex.de\/en\/wp-json\/wp\/v2\/pages\/294\/revisions"}],"predecessor-version":[{"id":2285,"href":"https:\/\/etimex.de\/en\/wp-json\/wp\/v2\/pages\/294\/revisions\/2285"}],"wp:attachment":[{"href":"https:\/\/etimex.de\/en\/wp-json\/wp\/v2\/media?parent=294"}],"curies":[{"name":"wp","href":"https:\/\/api.w.org\/{rel}","templated":true}]}}